{"id":25,"date":"2026-04-26T09:24:51","date_gmt":"2026-04-26T09:24:51","guid":{"rendered":"https:\/\/artistic-teal-raccoon.161-97-130-66.cpanel.site\/?page_id=25"},"modified":"2026-04-26T11:59:37","modified_gmt":"2026-04-26T11:59:37","slug":"home","status":"publish","type":"page","link":"https:\/\/artistic-teal-raccoon.161-97-130-66.cpanel.site\/","title":{"rendered":"Home"},"content":{"rendered":"\t\t<div data-elementor-type=\"wp-page\" data-elementor-id=\"25\" class=\"elementor elementor-25\" data-elementor-post-type=\"page\">\n\t\t\t\t<div class=\"elementor-element elementor-element-f747579 inicio e-flex e-con-boxed e-con e-parent\" data-id=\"f747579\" data-element_type=\"container\" data-e-type=\"container\" id=\"inicio\" data-settings=\"{&quot;background_background&quot;:&quot;gradient&quot;}\">\n\t\t\t\t\t<div class=\"e-con-inner\">\n\t\t<div class=\"elementor-element elementor-element-69d60e9 e-con-full e-flex e-con e-child\" data-id=\"69d60e9\" data-element_type=\"container\" data-e-type=\"container\">\n\t\t\t\t<div class=\"elementor-element elementor-element-a90601b elementor-widget elementor-widget-heading\" data-id=\"a90601b\" data-element_type=\"widget\" data-e-type=\"widget\" data-widget_type=\"heading.default\">\n\t\t\t\t\t<h1 class=\"elementor-heading-title elementor-size-default\">La seguridad de un ni\u00f1o nace de la solidez de su equipo: <br>\n<h1 style=\"font-size:63px;color:#5d7053;font-style: italic\">Pap\u00e1 y Mam\u00e1.<\/h1><\/h1>\t\t\t\t<\/div>\n\t\t\t\t<div class=\"elementor-element elementor-element-f3937a0 elementor-widget__width-initial elementor-widget elementor-widget-text-editor\" data-id=\"f3937a0\" data-element_type=\"widget\" data-e-type=\"widget\" data-widget_type=\"text-editor.default\">\n\t\t\t\t\t\t\t\t\t<p>Estrategias de gesti\u00f3n emocional y limites para construir el hogar que tus hijos necesitan crecer.<\/p>\t\t\t\t\t\t\t\t<\/div>\n\t\t\t\t<div class=\"elementor-element elementor-element-d10b1cf elementor-align-right elementor-widget elementor-widget-button\" data-id=\"d10b1cf\" data-element_type=\"widget\" data-e-type=\"widget\" data-widget_type=\"button.default\">\n\t\t\t\t\t\t\t\t\t\t<a class=\"elementor-button elementor-button-link elementor-size-sm\" href=\"#\">\n\t\t\t\t\t\t<span class=\"elementor-button-content-wrapper\">\n\t\t\t\t\t\t\t\t\t<span class=\"elementor-button-text\">M\u00ed blog<\/span>\n\t\t\t\t\t<\/span>\n\t\t\t\t\t<\/a>\n\t\t\t\t\t\t\t\t<\/div>\n\t\t\t\t<\/div>\n\t\t<div class=\"elementor-element elementor-element-7c441c9 e-con-full e-flex e-con e-child\" data-id=\"7c441c9\" data-element_type=\"container\" data-e-type=\"container\">\n\t\t\t\t<div class=\"elementor-element elementor-element-0f96348 elementor-widget elementor-widget-image\" data-id=\"0f96348\" data-element_type=\"widget\" data-e-type=\"widget\" data-widget_type=\"image.default\">\n\t\t\t\t\t\t\t\t\t\t\t\t\t\t\t<img fetchpriority=\"high\" decoding=\"async\" width=\"2193\" height=\"1395\" src=\"https:\/\/artistic-teal-raccoon.161-97-130-66.cpanel.site\/wp-content\/uploads\/2026\/04\/Universal-Upscaler-Pro-Precise-scaled-e1777198475655.jpg\" class=\"attachment-full size-full wp-image-30\" alt=\"\" srcset=\"https:\/\/artistic-teal-raccoon.161-97-130-66.cpanel.site\/wp-content\/uploads\/2026\/04\/Universal-Upscaler-Pro-Precise-scaled-e1777198475655.jpg 2193w, https:\/\/artistic-teal-raccoon.161-97-130-66.cpanel.site\/wp-content\/uploads\/2026\/04\/Universal-Upscaler-Pro-Precise-scaled-e1777198475655-300x191.jpg 300w, https:\/\/artistic-teal-raccoon.161-97-130-66.cpanel.site\/wp-content\/uploads\/2026\/04\/Universal-Upscaler-Pro-Precise-scaled-e1777198475655-1024x651.jpg 1024w, https:\/\/artistic-teal-raccoon.161-97-130-66.cpanel.site\/wp-content\/uploads\/2026\/04\/Universal-Upscaler-Pro-Precise-scaled-e1777198475655-768x489.jpg 768w, https:\/\/artistic-teal-raccoon.161-97-130-66.cpanel.site\/wp-content\/uploads\/2026\/04\/Universal-Upscaler-Pro-Precise-scaled-e1777198475655-1536x977.jpg 1536w, https:\/\/artistic-teal-raccoon.161-97-130-66.cpanel.site\/wp-content\/uploads\/2026\/04\/Universal-Upscaler-Pro-Precise-scaled-e1777198475655-2048x1303.jpg 2048w\" sizes=\"(max-width: 2193px) 100vw, 2193px\" \/>\t\t\t\t\t\t\t\t\t\t\t\t\t\t\t<\/div>\n\t\t\t\t<\/div>\n\t\t\t\t\t<\/div>\n\t\t\t\t<\/div>\n\t\t<div class=\"elementor-element elementor-element-a4409d7 e-flex e-con-boxed e-con e-parent\" data-id=\"a4409d7\" data-element_type=\"container\" data-e-type=\"container\">\n\t\t\t\t\t<div class=\"e-con-inner\">\n\t\t\t\t<div class=\"elementor-element elementor-element-0280b44 elementor-widget elementor-widget-heading\" data-id=\"0280b44\" data-element_type=\"widget\" data-e-type=\"widget\" data-widget_type=\"heading.default\">\n\t\t\t\t\t<h1 class=\"elementor-heading-title elementor-size-default\">Publicaciones recientes<\/h1>\t\t\t\t<\/div>\n\t\t<div class=\"elementor-element elementor-element-7a4e19d e-con-full e-flex e-con e-child\" data-id=\"7a4e19d\" data-element_type=\"container\" data-e-type=\"container\">\n\t\t\t\t<div class=\"elementor-element elementor-element-4df126d elementor-grid-3 elementor-grid-tablet-2 elementor-grid-mobile-1 elementor-posts--thumbnail-top elementor-widget elementor-widget-posts\" data-id=\"4df126d\" data-element_type=\"widget\" data-e-type=\"widget\" data-settings=\"{&quot;classic_row_gap&quot;:{&quot;unit&quot;:&quot;px&quot;,&quot;size&quot;:61,&quot;sizes&quot;:[]},&quot;classic_columns&quot;:&quot;3&quot;,&quot;classic_columns_tablet&quot;:&quot;2&quot;,&quot;classic_columns_mobile&quot;:&quot;1&quot;,&quot;classic_row_gap_tablet&quot;:{&quot;unit&quot;:&quot;px&quot;,&quot;size&quot;:&quot;&quot;,&quot;sizes&quot;:[]},&quot;classic_row_gap_mobile&quot;:{&quot;unit&quot;:&quot;px&quot;,&quot;size&quot;:&quot;&quot;,&quot;sizes&quot;:[]}}\" data-widget_type=\"posts.classic\">\n\t\t\t\t<div class=\"elementor-widget-container\">\n\t\t\t\t\t\t\t<div class=\"elementor-posts-container elementor-posts elementor-posts--skin-classic elementor-grid\" role=\"list\">\n\t\t\t\t<article class=\"elementor-post elementor-grid-item post-94 post type-post status-publish format-standard has-post-thumbnail hentry category-uncategorized\" role=\"listitem\">\n\t\t\t\t<a class=\"elementor-post__thumbnail__link\" href=\"https:\/\/artistic-teal-raccoon.161-97-130-66.cpanel.site\/?p=94\" tabindex=\"-1\" >\n\t\t\t<div class=\"elementor-post__thumbnail\"><img decoding=\"async\" width=\"342\" height=\"512\" src=\"https:\/\/artistic-teal-raccoon.161-97-130-66.cpanel.site\/wp-content\/uploads\/2026\/04\/1774969619147273-0.webp\" class=\"attachment-full size-full wp-image-96\" alt=\"\" srcset=\"https:\/\/artistic-teal-raccoon.161-97-130-66.cpanel.site\/wp-content\/uploads\/2026\/04\/1774969619147273-0.webp 342w, https:\/\/artistic-teal-raccoon.161-97-130-66.cpanel.site\/wp-content\/uploads\/2026\/04\/1774969619147273-0-200x300.webp 200w\" sizes=\"(max-width: 342px) 100vw, 342px\" \/><\/div>\n\t\t<\/a>\n\t\t\t\t<div class=\"elementor-post__text\">\n\t\t\t\t<h3 class=\"elementor-post__title\">\n\t\t\t<a href=\"https:\/\/artistic-teal-raccoon.161-97-130-66.cpanel.site\/?p=94\" >\n\t\t\t\tPasas el d\u00eda buscando manuales de crianza cuando lo que necesitas es trabajar tus propias ra\u00edces\t\t\t<\/a>\n\t\t<\/h3>\n\t\t\t\t<div class=\"elementor-post__meta-data\">\n\t\t\t\t\t<span class=\"elementor-post-date\">\n\t\t\tabril 26, 2026\t\t<\/span>\n\t\t\t\t<\/div>\n\t\t\t\t\t<div class=\"elementor-post__read-more-wrapper\">\n\t\t\n\t\t<a class=\"elementor-post__read-more\" href=\"https:\/\/artistic-teal-raccoon.161-97-130-66.cpanel.site\/?p=94\" aria-label=\"Read more about Pasas el d\u00eda buscando manuales de crianza cuando lo que necesitas es trabajar tus propias ra\u00edces\" tabindex=\"-1\" >\n\t\t\tRead More \u00bb\t\t<\/a>\n\n\t\t\t\t\t<\/div>\n\t\t\t\t<\/div>\n\t\t\t\t<\/article>\n\t\t\t\t<\/div>\n\t\t\n\t\t\t\t\t\t<\/div>\n\t\t\t\t<\/div>\n\t\t\t\t<\/div>\n\t\t\t\t<div class=\"elementor-element elementor-element-fd108f9 elementor-align-center elementor-widget elementor-widget-button\" data-id=\"fd108f9\" data-element_type=\"widget\" data-e-type=\"widget\" data-widget_type=\"button.default\">\n\t\t\t\t\t\t\t\t\t\t<a class=\"elementor-button elementor-button-link elementor-size-sm\" href=\"#\">\n\t\t\t\t\t\t<span class=\"elementor-button-content-wrapper\">\n\t\t\t\t\t\t\t\t\t<span class=\"elementor-button-text\">Ver todos los \u00e1rticulos<\/span>\n\t\t\t\t\t<\/span>\n\t\t\t\t\t<\/a>\n\t\t\t\t\t\t\t\t<\/div>\n\t\t\t\t\t<\/div>\n\t\t\t\t<\/div>\n\t\t\t\t<\/div>\n\t\t","protected":false},"excerpt":{"rendered":"<p>La seguridad de un ni\u00f1o nace de la solidez de su equipo: Pap\u00e1 y Mam\u00e1. Estrategias de gesti\u00f3n emocional y limites para construir el hogar<\/p>\n","protected":false},"author":1,"featured_media":0,"parent":0,"menu_order":0,"comment_status":"closed","ping_status":"closed","template":"elementor_header_footer","meta":{"footnotes":""},"class_list":["post-25","page","type-page","status-publish","hentry"],"_links":{"self":[{"href":"https:\/\/artistic-teal-raccoon.161-97-130-66.cpanel.site\/index.php?rest_route=\/wp\/v2\/pages\/25","targetHints":{"allow":["GET"]}}],"collection":[{"href":"https:\/\/artistic-teal-raccoon.161-97-130-66.cpanel.site\/index.php?rest_route=\/wp\/v2\/pages"}],"about":[{"href":"https:\/\/artistic-teal-raccoon.161-97-130-66.cpanel.site\/index.php?rest_route=\/wp\/v2\/types\/page"}],"author":[{"embeddable":true,"href":"https:\/\/artistic-teal-raccoon.161-97-130-66.cpanel.site\/index.php?rest_route=\/wp\/v2\/users\/1"}],"replies":[{"embeddable":true,"href":"https:\/\/artistic-teal-raccoon.161-97-130-66.cpanel.site\/index.php?rest_route=%2Fwp%2Fv2%2Fcomments&post=25"}],"version-history":[{"count":52,"href":"https:\/\/artistic-teal-raccoon.161-97-130-66.cpanel.site\/index.php?rest_route=\/wp\/v2\/pages\/25\/revisions"}],"predecessor-version":[{"id":116,"href":"https:\/\/artistic-teal-raccoon.161-97-130-66.cpanel.site\/index.php?rest_route=\/wp\/v2\/pages\/25\/revisions\/116"}],"wp:attachment":[{"href":"https:\/\/artistic-teal-raccoon.161-97-130-66.cpanel.site\/index.php?rest_route=%2Fwp%2Fv2%2Fmedia&parent=25"}],"curies":[{"name":"wp","href":"https:\/\/api.w.org\/{rel}","templated":true}]}}